{"id":693,"date":"2021-09-15T11:12:36","date_gmt":"2021-09-15T09:12:36","guid":{"rendered":"https:\/\/localhost\/teanniswp\/?page_id=693"},"modified":"2023-12-13T14:35:06","modified_gmt":"2023-12-13T13:35:06","slug":"mentions-legales-teannis-coaching","status":"publish","type":"page","link":"https:\/\/teanniscoaching.com\/en\/mentions-legales-teannis-coaching\/","title":{"rendered":"legal mentions"},"content":{"rendered":"<script async src=\"https:\/\/pagead2.googlesyndication.com\/pagead\/js\/adsbygoogle.js?client=ca-pub-4525591107671743\"\n     crossorigin=\"anonymous\"><\/script>\n<ins class=\"adsbygoogle\"\n     style=\"display:block; text-align:center;\"\n     data-ad-layout=\"in-article\"\n     data-ad-format=\"fluid\"\n     data-ad-client=\"ca-pub-4525591107671743\"\n     data-ad-slot=\"9743106574\"><\/ins>\n<script>\n     (adsbygoogle = window.adsbygoogle || []).push({});\n<\/script>\n\n\n\n<p>L\u2019utilisation du site est soumise au respect des conditions g\u00e9n\u00e9rales d\u2019acc\u00e8s et d\u2019utilisation d\u00e9taill\u00e9es ci-dessous. Tout visiteur du site <a href=\"http:\/\/www.Teanniscoaching.com\" target=\"_blank\" rel=\"noopener\">www.Teanniscoaching.com<\/a> &nbsp;admet en avoir pris connaissance et les accepter sans r\u00e9serve.<\/p>\n\n\n\n<p>ANIS Tennis Coach se r\u00e9serve le droit de modifier \u00e0 tout moment les pr\u00e9sentes notamment en faisant \u00e9voluer son site internet.<\/p>\n\n\n\n<p><strong>Editeur<\/strong>:<\/p>\n\n\n\n<p>ANIS Tennis Coach \u2013 Autoentrepeneur<\/p>\n\n\n\n<p>Site internet cr\u00e9\u00e9 par ANIS Tennis Coach<br>Si\u00e8ge social:&nbsp;Cit\u00e9 olympique d&rsquo;El Menzah-Tunis 1003<br>Directeur de la publication :&nbsp;ANIS Tennis Coach \u2013 contact@teanniscoaching.com<\/p>\n\n\n\n<h3 class=\"wp-block-heading has-text-align-center\">Propri\u00e9t\u00e9 intellectuelle<\/h3>\n\n\n\n<p>L\u2019ensemble des donn\u00e9es contenues sur notre site et notamment et, de fa\u00e7on non limitative, les images, les animations, les vid\u00e9os, la charte graphique, les textes, les logos et notamment les services et produits sont la propri\u00e9t\u00e9 de Teannis Coaching.<br>Les \u00e9l\u00e9ments sur lesquels la soci\u00e9t\u00e9 dispose de droits notamment d\u2019exploitation permettant leur diffusion et communication sont \u00e9galement la propri\u00e9t\u00e9 intellectuelle de Teannis Coaching.<\/p>\n\n\n\n<p>Toute reproduction, m\u00eame partielle, de l\u2019un des contenus de notre site web est rigoureusement interdite.<\/p>\n\n\n\n\n\n<p>Plus particuli\u00e8rement, le logo et le nom de domaine \u00ab www.teanniscoaching.com \u00bb constituent des d\u00e9nominations prot\u00e9g\u00e9es appartenant \u00e0 Teannis Coaching, dont vous ne pouvez en aucun cas faire usage sans l\u2019accord express et pr\u00e9alable de Teannis Coaching.<\/p>\n\n\n\n<h3 class=\"wp-block-heading has-text-align-center\">H\u00e9bergeur<\/h3>\n\n\n\n<p><strong>Hostinger International Ltd<\/strong><\/p>\n\n\n\n<p><strong>Adresse&nbsp;:<\/strong> HOSTINGER INTERNATIONAL LTD, 61 Lordou Vironos Street, 6023 Larnaca, Chypre<\/p>\n\n\n\n<p><strong><span style=\"color: #585555;\" data=\"#585555\" class=\"qubely-text-has-color\">Contact :<\/span><\/strong> <a href=\"https:\/\/www.hostinger.fr\/contact\" target=\"_blank\" rel=\"noopener\">https:\/\/www.hostinger.fr\/contact<\/a><\/p>\n\n\n\n<script async src=\"https:\/\/pagead2.googlesyndication.com\/pagead\/js\/adsbygoogle.js?client=ca-pub-4525591107671743\"\n     crossorigin=\"anonymous\"><\/script>","protected":false},"excerpt":{"rendered":"<p>L\u2019utilisation du site est soumise au respect des conditions g\u00e9n\u00e9rales d\u2019acc\u00e8s et d\u2019utilisation d\u00e9taill\u00e9es ci-dessous. Tout visiteur du site www.Teanniscoaching.com &nbsp;admet en avoir pris connaissance et les accepter sans r\u00e9serve. ANIS Tennis Coach se r\u00e9serve le droit de modifier \u00e0 tout moment les pr\u00e9sentes notamment en faisant \u00e9voluer son site internet. Editeur: ANIS Tennis Coach [&hellip;]<\/p>\n","protected":false},"author":1,"featured_media":0,"parent":0,"menu_order":0,"comment_status":"closed","ping_status":"closed","template":"","meta":{"footnotes":""},"class_list":["post-693","page","type-page","status-publish","hentry"],"blocksy_meta":{"page_title_panel":"","has_hero_section":"enabled","8cca95d884672baa51cacc319bfac658":"","hero_section":"type-2","hero_elements":[{"id":"custom_title","enabled":true,"heading_tag":"h1","title":"Accueil"},{"id":"custom_description","enabled":true,"description_visibility":{"desktop":true,"tablet":true,"mobile":false}},{"id":"custom_meta","enabled":false,"meta_elements":[{"id":"author","enabled":true,"label":"Par","has_author_avatar":"yes","avatar_size":25},{"id":"post_date","enabled":true,"label":"Sur","date_format_source":"default","date_format":"M j, Y"},{"id":"updated_date","enabled":false,"label":"Sur","date_format_source":"default","date_format":"M j, Y"},{"id":"categories","enabled":false,"label":"Dans","style":"simple"},{"id":"comments","enabled":true}],"page_meta_elements":{"joined":true,"articles_count":true,"comments":true}},{"id":"breadcrumbs","enabled":false}],"f72e5e84f0d6d69803d80746840c3188":"","hero_alignment1":"CT_CSS_SKIP_RULE","hero_margin":40,"hero_alignment2":"center","hero_vertical_alignment":"center","c528df8c7b4c0e4644d48fee9b17c012":"","hero_structure":"normal","c7df5a93120c1eb8eb6dda14cd2c2fa5":"","page_title_bg_type":"featured_image","custom_hero_background":{"attachment_id":null},"parallax":{"desktop":false,"tablet":false,"mobile":false},"7a5d2c562c01e58a3dfba401e67b140f":"","hero_height":{"desktop":"200px","tablet":"200px","mobile":"200px","__changed":[]},"pageTitleFont":{"family":"Default","variation":"Default","size":{"desktop":"32px","tablet":"30px","mobile":"25px"},"line-height":"CT_CSS_SKIP_RULE","letter-spacing":"CT_CSS_SKIP_RULE","text-transform":"CT_CSS_SKIP_RULE","text-decoration":"CT_CSS_SKIP_RULE"},"pageTitleFontColor":{"default":{"color":"CT_CSS_SKIP_RULEDEFAULT"}},"pageMetaFont":{"family":"Default","variation":"n6","size":"12px","line-height":"1.3","letter-spacing":"CT_CSS_SKIP_RULE","text-transform":"uppercase","text-decoration":"CT_CSS_SKIP_RULE"},"pageMetaFontColor":{"default":{"color":"CT_CSS_SKIP_RULEDEFAULT"},"hover":{"color":"CT_CSS_SKIP_RULEDEFAULT"}},"page_meta_button_type_font_colors":{"default":{"color":"CT_CSS_SKIP_RULEDEFAULT"},"hover":{"color":"CT_CSS_SKIP_RULEDEFAULT"}},"page_meta_button_type_background_colors":{"default":{"color":"CT_CSS_SKIP_RULEDEFAULT"},"hover":{"color":"CT_CSS_SKIP_RULEDEFAULT"}},"pageExcerptFont":{"family":"Default","variation":"Default","size":"CT_CSS_SKIP_RULE","line-height":"CT_CSS_SKIP_RULE","letter-spacing":"CT_CSS_SKIP_RULE","text-transform":"CT_CSS_SKIP_RULE","text-decoration":"CT_CSS_SKIP_RULE"},"pageExcerptColor":{"default":{"color":"CT_CSS_SKIP_RULEDEFAULT"}},"breadcrumbsFont":{"family":"Default","variation":"Default","size":"CT_CSS_SKIP_RULE","line-height":"CT_CSS_SKIP_RULE","letter-spacing":"CT_CSS_SKIP_RULE","text-transform":"CT_CSS_SKIP_RULE","text-decoration":"CT_CSS_SKIP_RULE"},"breadcrumbsFontColor":{"default":{"color":"CT_CSS_SKIP_RULEDEFAULT"},"initial":{"color":"CT_CSS_SKIP_RULEDEFAULT"},"hover":{"color":"CT_CSS_SKIP_RULEDEFAULT"}},"pageTitleOverlay":{"background_type":"color","background_pattern":"type-1","background_image":{"attachment_id":null,"x":0,"y":0},"gradient":"linear-gradient(135deg,rgba(6,147,227,1) 0%,rgb(155,81,224) 100%)","background_repeat":"repeat","background_size":"auto","background_attachment":"scroll","patternColor":{"default":{"color":"#e5e7ea"}},"overlayColor":{"default":{"color":"CT_CSS_SKIP_RULE"}},"backgroundColor":{"default":{"color":"CT_CSS_SKIP_RULE"}},"default":{"color":"CT_CSS_SKIP_RULE"}},"pageTitleBackground":{"background_type":"gradient","background_pattern":"type-1","background_image":{"attachment_id":null,"x":0,"y":0},"gradient":"linear-gradient(-225deg, #473B7B 0%, #3584A7 51%, #30D2BE 100%)","background_repeat":"no-repeat","background_size":"auto","background_attachment":"scroll","patternColor":{"default":{"color":"#e5e7ea"}},"overlayColor":{"default":{"color":"CT_CSS_SKIP_RULE"}},"backgroundColor":{"default":{"color":"var(--theme-palette-color-6)"}}},"pageTitlePadding":{"desktop":{"top":"30px","bottom":"30px","left":"auto","right":"auto","linked":true},"tablet":{"top":"30px","bottom":"30px","left":"auto","right":"auto","linked":true},"mobile":{"top":"30px","bottom":"30px","left":"auto","right":"auto","linked":true},"__changed":[]},"fa2b252cda7b916894cc81bbeaee88f1":"","page_structure_type":"type-3","e22ef41014733fdcc0d1d89d348fe8d8":"","content_style_source":"custom","content_style":{"0":"w","1":"i","2":"d","3":"e","desktop":"boxed","tablet":"boxed","mobile":"boxed","__changed":[]},"vertical_spacing_source":"inherit","content_area_spacing":"both","background":{"background_type":"color","background_pattern":"type-1","background_image":{"attachment_id":null,"x":0,"y":0},"gradient":"linear-gradient(135deg,rgba(6,147,227,1) 0%,rgb(155,81,224) 100%)","background_repeat":"no-repeat","background_size":"auto","background_attachment":"scroll","patternColor":{"default":{"color":"#e5e7ea"}},"overlayColor":{"default":{"color":"CT_CSS_SKIP_RULE"}},"backgroundColor":{"default":{"color":"CT_CSS_SKIP_RULE"}}},"content_background":{"background_type":"color","background_pattern":"type-1","background_image":{"attachment_id":null,"x":0,"y":0},"gradient":"linear-gradient(135deg,rgba(6,147,227,1) 0%,rgb(155,81,224) 100%)","background_repeat":"no-repeat","background_size":"auto","background_attachment":"scroll","patternColor":{"default":{"color":"#e5e7ea"}},"overlayColor":{"default":{"color":"CT_CSS_SKIP_RULE"}},"backgroundColor":{"default":{"color":"var(--theme-palette-color-8)"}}},"content_boxed_shadow":{"inherit":false,"blur":18,"spread":-6,"v_offset":12,"h_offset":0,"inset":false,"enable":true,"color":{"color":"rgba(34, 56, 101, 0.04)"}},"boxed_content_spacing":{"desktop":{"top":"40px","bottom":"40px","left":"40px","right":"40px","linked":true},"tablet":{"top":"35px","bottom":"35px","left":"35px","right":"35px","linked":true},"mobile":{"top":"20px","bottom":"20px","left":"20px","right":"20px","linked":true}},"content_boxed_radius":{"top":"3px","bottom":"3px","left":"3px","right":"3px","linked":true},"49ceb41d7d94564d5161b797d4cd7207":"","disable_featured_image":"no","disable_header":"no","disable_footer":"no","styles_descriptor":{"styles":{"desktop":"[data-prefix=\"single_page\"] .entry-header .page-title {--theme-font-size:32px;} [data-prefix=\"single_page\"] .entry-header .entry-meta {--theme-font-weight:600;--theme-text-transform:uppercase;--theme-font-size:12px;--theme-line-height:1.3;} [data-prefix=\"single_page\"] .hero-section[data-type=\"type-2\"] {--min-height:200px;background-color:var(--theme-palette-color-6);background-image:linear-gradient(-225deg, #473B7B 0%, #3584A7 51%, #30D2BE 100%);--container-padding:30px 0;} [data-prefix=\"single_page\"] [class*=\"ct-container\"] > article[class*=\"post\"] {--has-boxed:var(--true);--has-wide:var(--false);background-color:var(--has-background, var(--theme-palette-color-8));--theme-boxed-content-border-radius:3px;--theme-boxed-content-spacing:40px;--theme-boxed-content-box-shadow:0px 12px 18px -6px rgba(34, 56, 101, 0.04);}","tablet":"[data-prefix=\"single_page\"] .entry-header .page-title {--theme-font-size:30px;} [data-prefix=\"single_page\"] [class*=\"ct-container\"] > article[class*=\"post\"] {--theme-boxed-content-spacing:35px;}","mobile":"[data-prefix=\"single_page\"] .entry-header .page-title {--theme-font-size:25px;} [data-prefix=\"single_page\"] [class*=\"ct-container\"] > article[class*=\"post\"] {--theme-boxed-content-spacing:20px;}"},"google_fonts":{"Raleway":["n6"]},"version":6},"f9ad69509fd410cc22d7848a0d209ce3":"","364de14789c5fc466acd569ef8c33a1b":"","8e883530ba2ab40981f0e05589129bb8":"","28f00ba8b646af151920f3b2b449fe8b":"","f43baef1d976a1d43a4c32c2ad2c97d9":"","d65426d7a37553a64d16ccdab63b0d78":"","131f754d5d750ccf93b3c1d49895a90c":"","7e18095f1da5eb781a08ed816ac906ec":"","bb1d971e9322d65d22891e91808be697":"","82f2f1cad78aa030bb53832eb8cffb3e":"","9c66431fc86e7b0ec9d40f359afc663f":"","375c790ed453e0e39916c1c3753a0a84":"","8ee305e129b8dbaffdfb7bdf66e1882b":"","06ad0581f5fe2fe3768c018d59ed4ab7":"","740977eae33f5bb86ec82cb6a45c3393":"","43aba2b462e3a145f3f877bf5267f683":""},"_links":{"self":[{"href":"https:\/\/teanniscoaching.com\/en\/wp-json\/wp\/v2\/pages\/693","targetHints":{"allow":["GET"]}}],"collection":[{"href":"https:\/\/teanniscoaching.com\/en\/wp-json\/wp\/v2\/pages"}],"about":[{"href":"https:\/\/teanniscoaching.com\/en\/wp-json\/wp\/v2\/types\/page"}],"author":[{"embeddable":true,"href":"https:\/\/teanniscoaching.com\/en\/wp-json\/wp\/v2\/users\/1"}],"replies":[{"embeddable":true,"href":"https:\/\/teanniscoaching.com\/en\/wp-json\/wp\/v2\/comments?post=693"}],"version-history":[{"count":7,"href":"https:\/\/teanniscoaching.com\/en\/wp-json\/wp\/v2\/pages\/693\/revisions"}],"predecessor-version":[{"id":3622,"href":"https:\/\/teanniscoaching.com\/en\/wp-json\/wp\/v2\/pages\/693\/revisions\/3622"}],"wp:attachment":[{"href":"https:\/\/teanniscoaching.com\/en\/wp-json\/wp\/v2\/media?parent=693"}],"curies":[{"name":"wp","href":"https:\/\/api.w.org\/{rel}","templated":true}]}}